{"id":11,"date":"2015-06-10T05:47:22","date_gmt":"2015-06-10T04:47:22","guid":{"rendered":"http:\/\/nauer.psy.ch\/wp\/?page_id=11"},"modified":"2016-02-28T11:09:33","modified_gmt":"2016-02-28T11:09:33","slug":"schriftpsychologie","status":"publish","type":"page","link":"https:\/\/nauer.psy.ch\/wp\/schriftpsychologie\/","title":{"rendered":"Schriftpsychologie"},"content":{"rendered":"<h3><span style=\"font-family: 'Garamond',serif;\"><span style=\"color: #000000;\"><strong>Schrift\u00adpsy\u00adcho\u00adlo\u00adgie<\/strong><\/span><\/span><\/h3>\n<p><span style=\"font-family: 'Garamond',serif;\"><span style=\"color: #000000;\">Schrift\u00adpsy\u00adcho\u00adlo\u00adgie ist die Lehre der Wissenschaft von der Handschrift: Das Schreiben wird wie jede Bewegung vom Gehirn gesteuert. Deshalb gilt: Handschrift ist Gehirnschrift.<\/span><\/span><\/p>\n<p><span style=\"font-family: 'Garamond',serif;\"><span style=\"color: #000000;\">Das Besondere daran ist, dass diese Bewegung aufgezeichnet wird und deshalb simultan betrachtet und beobachtet werden kann, nicht nur seriell wie etwa der Gang oder die Mimik einer Person im Film. Eine zweite Besonderheit besteht darin, dass es sich hier um die Mikromotorik der Hand handelt und wir sehr spezielle Feinheiten der individuellen Bewegung zu Gesicht bekommen und studieren k\u00f6nnen.<\/span><\/span><\/p>\n<p><span style=\"font-family: 'Garamond',serif;\"><span style=\"color: #000000;\">Neue Untersuchungen belegen, dass jede Handschrift absolut individuell ist, und dass es klare Zusammenh\u00e4nge gibt zwischen Handschriftmerkmalen und Pers\u00f6nlichkeitsz\u00fcgen. Neue neuropsychologische Forschungen erlauben eine vielversprechende Neubewertung der von Schriftpsychologen verwendeten Modelle.<\/span><\/span><\/p>\n","protected":false},"excerpt":{"rendered":"<p>Schrift\u00adpsy\u00adcho\u00adlo\u00adgie Schrift\u00adpsy\u00adcho\u00adlo\u00adgie ist die Lehre der Wissenschaft von der Handschrift: Das Schreiben wird wie jede Bewegung vom Gehirn gesteuert. Deshalb gilt: Handschrift ist Gehirnschrift. Das Besondere daran ist, dass diese [&hellip;]<\/p>\n","protected":false},"author":1,"featured_media":0,"parent":0,"menu_order":3,"comment_status":"closed","ping_status":"closed","template":"","meta":{"footnotes":""},"class_list":["post-11","page","type-page","status-publish","hentry"],"yoast_head":"<!-- This site is optimized with the Yoast SEO plugin v26.3 - https:\/\/yoast.com\/wordpress\/plugins\/seo\/ -->\n<title>Schriftpsychologie - Dr. Marie Anne Nauer<\/title>\n<meta name=\"robots\" content=\"index, follow, max-snippet:-1, max-image-preview:large, max-video-preview:-1\" \/>\n<link rel=\"canonical\" href=\"https:\/\/nauer.psy.ch\/wp\/schriftpsychologie\/\" \/>\n<meta property=\"og:locale\" content=\"en_GB\" \/>\n<meta property=\"og:type\" content=\"article\" \/>\n<meta property=\"og:title\" content=\"Schriftpsychologie - Dr. Marie Anne Nauer\" \/>\n<meta property=\"og:description\" content=\"Schrift\u00adpsy\u00adcho\u00adlo\u00adgie Schrift\u00adpsy\u00adcho\u00adlo\u00adgie ist die Lehre der Wissenschaft von der Handschrift: Das Schreiben wird wie jede Bewegung vom Gehirn gesteuert. Deshalb gilt: Handschrift ist Gehirnschrift. Das Besondere daran ist, dass diese [&hellip;]\" \/>\n<meta property=\"og:url\" content=\"https:\/\/nauer.psy.ch\/wp\/schriftpsychologie\/\" \/>\n<meta property=\"og:site_name\" content=\"Dr. Marie Anne Nauer\" \/>\n<meta property=\"article:modified_time\" content=\"2016-02-28T11:09:33+00:00\" \/>\n<meta name=\"twitter:card\" content=\"summary_large_image\" \/>\n<meta name=\"twitter:label1\" content=\"Estimated reading time\" \/>\n\t<meta name=\"twitter:data1\" content=\"1 minute\" \/>\n<script type=\"application\/ld+json\" class=\"yoast-schema-graph\">{\"@context\":\"https:\/\/schema.org\",\"@graph\":[{\"@type\":\"WebPage\",\"@id\":\"https:\/\/nauer.psy.ch\/wp\/schriftpsychologie\/\",\"url\":\"https:\/\/nauer.psy.ch\/wp\/schriftpsychologie\/\",\"name\":\"Schriftpsychologie - Dr. Marie Anne Nauer\",\"isPartOf\":{\"@id\":\"https:\/\/nauer.psy.ch\/wp\/#website\"},\"datePublished\":\"2015-06-10T04:47:22+00:00\",\"dateModified\":\"2016-02-28T11:09:33+00:00\",\"breadcrumb\":{\"@id\":\"https:\/\/nauer.psy.ch\/wp\/schriftpsychologie\/#breadcrumb\"},\"inLanguage\":\"en-GB\",\"potentialAction\":[{\"@type\":\"ReadAction\",\"target\":[\"https:\/\/nauer.psy.ch\/wp\/schriftpsychologie\/\"]}]},{\"@type\":\"BreadcrumbList\",\"@id\":\"https:\/\/nauer.psy.ch\/wp\/schriftpsychologie\/#breadcrumb\",\"itemListElement\":[{\"@type\":\"ListItem\",\"position\":1,\"name\":\"Home\",\"item\":\"https:\/\/nauer.psy.ch\/wp\/\"},{\"@type\":\"ListItem\",\"position\":2,\"name\":\"Schriftpsychologie\"}]},{\"@type\":\"WebSite\",\"@id\":\"https:\/\/nauer.psy.ch\/wp\/#website\",\"url\":\"https:\/\/nauer.psy.ch\/wp\/\",\"name\":\"Dr. Marie Anne Nauer\",\"description\":\"Consulting &amp; Expertise\",\"inLanguage\":\"en-GB\"}]}<\/script>\n<!-- \/ Yoast SEO plugin. -->","yoast_head_json":{"title":"Schriftpsychologie - Dr. Marie Anne Nauer","robots":{"index":"index","follow":"follow","max-snippet":"max-snippet:-1","max-image-preview":"max-image-preview:large","max-video-preview":"max-video-preview:-1"},"canonical":"https:\/\/nauer.psy.ch\/wp\/schriftpsychologie\/","og_locale":"en_GB","og_type":"article","og_title":"Schriftpsychologie - Dr. Marie Anne Nauer","og_description":"Schrift\u00adpsy\u00adcho\u00adlo\u00adgie Schrift\u00adpsy\u00adcho\u00adlo\u00adgie ist die Lehre der Wissenschaft von der Handschrift: Das Schreiben wird wie jede Bewegung vom Gehirn gesteuert. Deshalb gilt: Handschrift ist Gehirnschrift. Das Besondere daran ist, dass diese [&hellip;]","og_url":"https:\/\/nauer.psy.ch\/wp\/schriftpsychologie\/","og_site_name":"Dr. Marie Anne Nauer","article_modified_time":"2016-02-28T11:09:33+00:00","twitter_card":"summary_large_image","twitter_misc":{"Estimated reading time":"1 minute"},"schema":{"@context":"https:\/\/schema.org","@graph":[{"@type":"WebPage","@id":"https:\/\/nauer.psy.ch\/wp\/schriftpsychologie\/","url":"https:\/\/nauer.psy.ch\/wp\/schriftpsychologie\/","name":"Schriftpsychologie - Dr. Marie Anne Nauer","isPartOf":{"@id":"https:\/\/nauer.psy.ch\/wp\/#website"},"datePublished":"2015-06-10T04:47:22+00:00","dateModified":"2016-02-28T11:09:33+00:00","breadcrumb":{"@id":"https:\/\/nauer.psy.ch\/wp\/schriftpsychologie\/#breadcrumb"},"inLanguage":"en-GB","potentialAction":[{"@type":"ReadAction","target":["https:\/\/nauer.psy.ch\/wp\/schriftpsychologie\/"]}]},{"@type":"BreadcrumbList","@id":"https:\/\/nauer.psy.ch\/wp\/schriftpsychologie\/#breadcrumb","itemListElement":[{"@type":"ListItem","position":1,"name":"Home","item":"https:\/\/nauer.psy.ch\/wp\/"},{"@type":"ListItem","position":2,"name":"Schriftpsychologie"}]},{"@type":"WebSite","@id":"https:\/\/nauer.psy.ch\/wp\/#website","url":"https:\/\/nauer.psy.ch\/wp\/","name":"Dr. Marie Anne Nauer","description":"Consulting &amp; Expertise","inLanguage":"en-GB"}]}},"_links":{"self":[{"href":"https:\/\/nauer.psy.ch\/wp\/wp-json\/wp\/v2\/pages\/11","targetHints":{"allow":["GET"]}}],"collection":[{"href":"https:\/\/nauer.psy.ch\/wp\/wp-json\/wp\/v2\/pages"}],"about":[{"href":"https:\/\/nauer.psy.ch\/wp\/wp-json\/wp\/v2\/types\/page"}],"author":[{"embeddable":true,"href":"https:\/\/nauer.psy.ch\/wp\/wp-json\/wp\/v2\/users\/1"}],"replies":[{"embeddable":true,"href":"https:\/\/nauer.psy.ch\/wp\/wp-json\/wp\/v2\/comments?post=11"}],"version-history":[{"count":5,"href":"https:\/\/nauer.psy.ch\/wp\/wp-json\/wp\/v2\/pages\/11\/revisions"}],"predecessor-version":[{"id":252,"href":"https:\/\/nauer.psy.ch\/wp\/wp-json\/wp\/v2\/pages\/11\/revisions\/252"}],"wp:attachment":[{"href":"https:\/\/nauer.psy.ch\/wp\/wp-json\/wp\/v2\/media?parent=11"}],"curies":[{"name":"wp","href":"https:\/\/api.w.org\/{rel}","templated":true}]}}