{"id":24,"date":"2015-06-10T18:46:01","date_gmt":"2015-06-10T17:46:01","guid":{"rendered":"http:\/\/nauer.psy.ch\/wp\/?page_id=24"},"modified":"2016-02-28T10:54:35","modified_gmt":"2016-02-28T10:54:35","slug":"coaching","status":"publish","type":"page","link":"https:\/\/nauer.psy.ch\/wp\/personliche-beratung\/coaching\/","title":{"rendered":"Coaching"},"content":{"rendered":"<h3><span style=\"font-family: 'Garamond',serif;\"><span style=\"color: #000000;\"><strong>Coaching<\/strong><\/span><\/span><\/h3>\n<p><span style=\"font-family: 'Garamond',serif;\"><span style=\"color: #000000;\">Ein gutes Coaching ist in manchen beruflichen Situationen sehr hilfreich, indem es Entscheidungs- und Entwicklungsprozesse zielf\u00fchrend unterst\u00fctzt und f\u00f6rdert. Es ist geeignet f\u00fcr Personen in verschiedensten Positionen, vor allem f\u00fcr solche mit F\u00fchrungsverantwortung, um eine bessere Probleml\u00f6sungs-Kapazit\u00e4t zu erreichen: Indem die pers\u00f6nliche Situation im Gespr\u00e4ch mit einem neutralen Gespr\u00e4chspartner fokussiert wird, kann sich der eigene Standpunkt oft unerwartet ver\u00e4ndern, es er\u00f6ffnen sich alternative Perspektiven und neue Chancen.<\/span><\/span><\/p>\n<p><span style=\"font-family: 'Garamond',serif;\"><span style=\"color: #000000;\">Dabei k\u00f6nnen schon nach wenigen Kontakten Ihr Denken in eine kreative Richtung gelenkt und ungekannte Ressourcen aktiviert werden &#8211; Ihr Gewinn ist unmittelbar ersichtlich.<\/span><\/span><\/p>\n<p>&nbsp;<\/p>\n","protected":false},"excerpt":{"rendered":"<p>Coaching Ein gutes Coaching ist in manchen beruflichen Situationen sehr hilfreich, indem es Entscheidungs- und Entwicklungsprozesse zielf\u00fchrend unterst\u00fctzt und f\u00f6rdert. Es ist geeignet f\u00fcr Personen in verschiedensten Positionen, vor allem [&hellip;]<\/p>\n","protected":false},"author":1,"featured_media":0,"parent":7,"menu_order":2,"comment_status":"closed","ping_status":"closed","template":"","meta":{"footnotes":""},"class_list":["post-24","page","type-page","status-publish","hentry"],"yoast_head":"<!-- This site is optimized with the Yoast SEO plugin v26.3 - https:\/\/yoast.com\/wordpress\/plugins\/seo\/ -->\n<title>Coaching - Dr. Marie Anne Nauer<\/title>\n<meta name=\"robots\" content=\"index, follow, max-snippet:-1, max-image-preview:large, max-video-preview:-1\" \/>\n<link rel=\"canonical\" href=\"https:\/\/nauer.psy.ch\/wp\/personliche-beratung\/coaching\/\" \/>\n<meta property=\"og:locale\" content=\"en_GB\" \/>\n<meta property=\"og:type\" content=\"article\" \/>\n<meta property=\"og:title\" content=\"Coaching - Dr. Marie Anne Nauer\" \/>\n<meta property=\"og:description\" content=\"Coaching Ein gutes Coaching ist in manchen beruflichen Situationen sehr hilfreich, indem es Entscheidungs- und Entwicklungsprozesse zielf\u00fchrend unterst\u00fctzt und f\u00f6rdert. Es ist geeignet f\u00fcr Personen in verschiedensten Positionen, vor allem [&hellip;]\" \/>\n<meta property=\"og:url\" content=\"https:\/\/nauer.psy.ch\/wp\/personliche-beratung\/coaching\/\" \/>\n<meta property=\"og:site_name\" content=\"Dr. Marie Anne Nauer\" \/>\n<meta property=\"article:modified_time\" content=\"2016-02-28T10:54:35+00:00\" \/>\n<meta name=\"twitter:card\" content=\"summary_large_image\" \/>\n<meta name=\"twitter:label1\" content=\"Estimated reading time\" \/>\n\t<meta name=\"twitter:data1\" content=\"1 minute\" \/>\n<script type=\"application\/ld+json\" class=\"yoast-schema-graph\">{\"@context\":\"https:\/\/schema.org\",\"@graph\":[{\"@type\":\"WebPage\",\"@id\":\"https:\/\/nauer.psy.ch\/wp\/personliche-beratung\/coaching\/\",\"url\":\"https:\/\/nauer.psy.ch\/wp\/personliche-beratung\/coaching\/\",\"name\":\"Coaching - Dr. Marie Anne Nauer\",\"isPartOf\":{\"@id\":\"https:\/\/nauer.psy.ch\/wp\/#website\"},\"datePublished\":\"2015-06-10T17:46:01+00:00\",\"dateModified\":\"2016-02-28T10:54:35+00:00\",\"breadcrumb\":{\"@id\":\"https:\/\/nauer.psy.ch\/wp\/personliche-beratung\/coaching\/#breadcrumb\"},\"inLanguage\":\"en-GB\",\"potentialAction\":[{\"@type\":\"ReadAction\",\"target\":[\"https:\/\/nauer.psy.ch\/wp\/personliche-beratung\/coaching\/\"]}]},{\"@type\":\"BreadcrumbList\",\"@id\":\"https:\/\/nauer.psy.ch\/wp\/personliche-beratung\/coaching\/#breadcrumb\",\"itemListElement\":[{\"@type\":\"ListItem\",\"position\":1,\"name\":\"Home\",\"item\":\"https:\/\/nauer.psy.ch\/wp\/\"},{\"@type\":\"ListItem\",\"position\":2,\"name\":\"Pers\u00f6nliche Beratung\",\"item\":\"https:\/\/nauer.psy.ch\/wp\/personliche-beratung\/\"},{\"@type\":\"ListItem\",\"position\":3,\"name\":\"Coaching\"}]},{\"@type\":\"WebSite\",\"@id\":\"https:\/\/nauer.psy.ch\/wp\/#website\",\"url\":\"https:\/\/nauer.psy.ch\/wp\/\",\"name\":\"Dr. Marie Anne Nauer\",\"description\":\"Consulting &amp; Expertise\",\"inLanguage\":\"en-GB\"}]}<\/script>\n<!-- \/ Yoast SEO plugin. -->","yoast_head_json":{"title":"Coaching - Dr. Marie Anne Nauer","robots":{"index":"index","follow":"follow","max-snippet":"max-snippet:-1","max-image-preview":"max-image-preview:large","max-video-preview":"max-video-preview:-1"},"canonical":"https:\/\/nauer.psy.ch\/wp\/personliche-beratung\/coaching\/","og_locale":"en_GB","og_type":"article","og_title":"Coaching - Dr. Marie Anne Nauer","og_description":"Coaching Ein gutes Coaching ist in manchen beruflichen Situationen sehr hilfreich, indem es Entscheidungs- und Entwicklungsprozesse zielf\u00fchrend unterst\u00fctzt und f\u00f6rdert. Es ist geeignet f\u00fcr Personen in verschiedensten Positionen, vor allem [&hellip;]","og_url":"https:\/\/nauer.psy.ch\/wp\/personliche-beratung\/coaching\/","og_site_name":"Dr. Marie Anne Nauer","article_modified_time":"2016-02-28T10:54:35+00:00","twitter_card":"summary_large_image","twitter_misc":{"Estimated reading time":"1 minute"},"schema":{"@context":"https:\/\/schema.org","@graph":[{"@type":"WebPage","@id":"https:\/\/nauer.psy.ch\/wp\/personliche-beratung\/coaching\/","url":"https:\/\/nauer.psy.ch\/wp\/personliche-beratung\/coaching\/","name":"Coaching - Dr. Marie Anne Nauer","isPartOf":{"@id":"https:\/\/nauer.psy.ch\/wp\/#website"},"datePublished":"2015-06-10T17:46:01+00:00","dateModified":"2016-02-28T10:54:35+00:00","breadcrumb":{"@id":"https:\/\/nauer.psy.ch\/wp\/personliche-beratung\/coaching\/#breadcrumb"},"inLanguage":"en-GB","potentialAction":[{"@type":"ReadAction","target":["https:\/\/nauer.psy.ch\/wp\/personliche-beratung\/coaching\/"]}]},{"@type":"BreadcrumbList","@id":"https:\/\/nauer.psy.ch\/wp\/personliche-beratung\/coaching\/#breadcrumb","itemListElement":[{"@type":"ListItem","position":1,"name":"Home","item":"https:\/\/nauer.psy.ch\/wp\/"},{"@type":"ListItem","position":2,"name":"Pers\u00f6nliche Beratung","item":"https:\/\/nauer.psy.ch\/wp\/personliche-beratung\/"},{"@type":"ListItem","position":3,"name":"Coaching"}]},{"@type":"WebSite","@id":"https:\/\/nauer.psy.ch\/wp\/#website","url":"https:\/\/nauer.psy.ch\/wp\/","name":"Dr. Marie Anne Nauer","description":"Consulting &amp; Expertise","inLanguage":"en-GB"}]}},"_links":{"self":[{"href":"https:\/\/nauer.psy.ch\/wp\/wp-json\/wp\/v2\/pages\/24","targetHints":{"allow":["GET"]}}],"collection":[{"href":"https:\/\/nauer.psy.ch\/wp\/wp-json\/wp\/v2\/pages"}],"about":[{"href":"https:\/\/nauer.psy.ch\/wp\/wp-json\/wp\/v2\/types\/page"}],"author":[{"embeddable":true,"href":"https:\/\/nauer.psy.ch\/wp\/wp-json\/wp\/v2\/users\/1"}],"replies":[{"embeddable":true,"href":"https:\/\/nauer.psy.ch\/wp\/wp-json\/wp\/v2\/comments?post=24"}],"version-history":[{"count":4,"href":"https:\/\/nauer.psy.ch\/wp\/wp-json\/wp\/v2\/pages\/24\/revisions"}],"predecessor-version":[{"id":235,"href":"https:\/\/nauer.psy.ch\/wp\/wp-json\/wp\/v2\/pages\/24\/revisions\/235"}],"up":[{"embeddable":true,"href":"https:\/\/nauer.psy.ch\/wp\/wp-json\/wp\/v2\/pages\/7"}],"wp:attachment":[{"href":"https:\/\/nauer.psy.ch\/wp\/wp-json\/wp\/v2\/media?parent=24"}],"curies":[{"name":"wp","href":"https:\/\/api.w.org\/{rel}","templated":true}]}}